{"id":1737,"date":"2020-01-16T10:53:13","date_gmt":"2020-01-16T09:53:13","guid":{"rendered":"https:\/\/dantetbilisi.ge\/ita\/?page_id=1737"},"modified":"2022-02-15T20:57:23","modified_gmt":"2022-02-15T16:57:23","slug":"ada","status":"publish","type":"page","link":"https:\/\/dantetbilisi.ge\/ita\/ada\/","title":{"rendered":"ADA"},"content":{"rendered":"<p>\u00a0 <strong>ATTESTATO ADA:<\/strong><\/p>\r\n<!-- \/wp:post-content -->\r\n\r\n<!-- wp:paragraph -->\r\n<p>Il Comitato di Tbilisi \u00e8 tra i primi al mondo ad aver aderito al piano Ada, un piano curriculare che segue il percorso lingusitico dello studente in tutto il mondo e documenta che a parit\u00e0 di livello linguistico gli studenti hanno affrontato un percorso didattico con i medesimi contenuti.<\/p>\r\n<p>Tutti gli studenti aderenti acquisiranno un codice univoco \u201cVita natural durante\u201d, un dna inequivocabile sul percorso di preparazione linguistica riconosciuto in tutti i comitati della Dante nel Mondo.<\/p>\r\n<p>L\u2019Attestato Unico Dante Alighieri, rilasciato al termine di ogni corso ADA, ha un formato unico in tutto il mondo.<\/p>\r\n<p>Ciascun Attestato ADA \u00e8 nominale e impossibile da duplicare o falsificare.<\/p>\r\n<p>Gli accordi e i protocolli di intesa stipulati dalla Societ\u00e0 Dante Alighieri con istituzioni, universit\u00e0, scuole di lingua pubbliche e private, garantiscono la spendibilit\u00e0 e il riconoscimento dell\u2019attestato di frequenza ADA.<\/p>\r\n<p><a href=\"https:\/\/plida.it\/images\/Attestato_di_frequenza_ADA.pdf\" target=\"_blank\" rel=\"noopener noreferrer\">Fac simile attestato Ada<\/a><\/p>\r\n<!-- \/wp:paragraph -->\r\n\r\n<!-- wp:paragraph -->\r\n<p>Per ulteriori informazioni, visita la pagina <a href=\"https:\/\/plida.it\/piano-ada.html\" target=\"_blank\" rel=\"noreferrer noopener\" aria-label=\"ADA (apre in una nuova scheda)\"><strong>ADA<\/strong><\/a> della sede centrale.<\/p>","protected":false},"excerpt":{"rendered":"<p>\u00a0 ATTESTATO ADA: Il Comitato di Tbilisi \u00e8 tra i primi al mondo ad aver aderito al piano Ada, un piano curriculare che segue il percorso lingusitico dello studente in tutto il mondo e documenta che a parit\u00e0 di livello linguistico gli studenti hanno affrontato un percorso didattico con i&hellip;<\/p>\n","protected":false},"author":1,"featured_media":1738,"parent":0,"menu_order":0,"comment_status":"closed","ping_status":"closed","template":"","meta":{"footnotes":""},"class_list":["post-1737","page","type-page","status-publish","has-post-thumbnail","hentry"],"jetpack_sharing_enabled":true,"_links":{"self":[{"href":"https:\/\/dantetbilisi.ge\/ita\/wp-json\/wp\/v2\/pages\/1737","targetHints":{"allow":["GET"]}}],"collection":[{"href":"https:\/\/dantetbilisi.ge\/ita\/wp-json\/wp\/v2\/pages"}],"about":[{"href":"https:\/\/dantetbilisi.ge\/ita\/wp-json\/wp\/v2\/types\/page"}],"author":[{"embeddable":true,"href":"https:\/\/dantetbilisi.ge\/ita\/wp-json\/wp\/v2\/users\/1"}],"replies":[{"embeddable":true,"href":"https:\/\/dantetbilisi.ge\/ita\/wp-json\/wp\/v2\/comments?post=1737"}],"version-history":[{"count":4,"href":"https:\/\/dantetbilisi.ge\/ita\/wp-json\/wp\/v2\/pages\/1737\/revisions"}],"predecessor-version":[{"id":3839,"href":"https:\/\/dantetbilisi.ge\/ita\/wp-json\/wp\/v2\/pages\/1737\/revisions\/3839"}],"wp:featuredmedia":[{"embeddable":true,"href":"https:\/\/dantetbilisi.ge\/ita\/wp-json\/wp\/v2\/media\/1738"}],"wp:attachment":[{"href":"https:\/\/dantetbilisi.ge\/ita\/wp-json\/wp\/v2\/media?parent=1737"}],"curies":[{"name":"wp","href":"https:\/\/api.w.org\/{rel}","templated":true}]}}